{"id":616,"date":"2015-02-17T16:57:39","date_gmt":"2015-02-17T16:57:39","guid":{"rendered":"http:\/\/2020.pilotes-maritimes.com\/?page_id=616"},"modified":"2020-11-07T15:16:30","modified_gmt":"2020-11-07T15:16:30","slug":"role-des-pilotes","status":"publish","type":"page","link":"https:\/\/pilotes-maritimes.com\/en\/role-des-pilotes\/","title":{"rendered":"Role of pilots"},"content":{"rendered":"[vc_row type=&#8221;full_width_background&#8221; full_screen_row_position=&#8221;middle&#8221; column_margin=&#8221;default&#8221; column_direction=&#8221;default&#8221; column_direction_tablet=&#8221;default&#8221; column_direction_phone=&#8221;default&#8221; bg_image=&#8221;6285&#8243; bg_position=&#8221;left top&#8221; bg_repeat=&#8221;no-repeat&#8221; scene_position=&#8221;center&#8221; top_padding=&#8221;14%&#8221; bottom_padding=&#8221;12%&#8221; text_color=&#8221;light&#8221; text_align=&#8221;center&#8221; row_border_radius=&#8221;none&#8221; row_border_radius_applies=&#8221;bg&#8221; color_overlay=&#8221;rgba(10,10,10,0.80)&#8221; overlay_strength=&#8221;0.3&#8243; gradient_direction=&#8221;left_to_right&#8221; shape_divider_position=&#8221;bottom&#8221; bg_image_animation=&#8221;none&#8221; parallax_bg=&#8221;true&#8221; parallax_bg_speed=&#8221;fast&#8221; shape_type=&#8221;&#8221;][vc_column column_padding=&#8221;no-extra-padding&#8221; column_padding_tablet=&#8221;inherit&#8221; column_padding_phone=&#8221;inherit&#8221; column_padding_position=&#8221;all&#8221; background_color_opacity=&#8221;1&#8243; background_hover_color_opacity=&#8221;1&#8243; column_shadow=&#8221;none&#8221; column_border_radius=&#8221;none&#8221; column_link_target=&#8221;_self&#8221; gradient_direction=&#8221;left_to_right&#8221; overlay_strength=&#8221;0.3&#8243; width=&#8221;1\/1&#8243; tablet_width_inherit=&#8221;default&#8221; tablet_text_alignment=&#8221;default&#8221; phone_text_alignment=&#8221;default&#8221; column_border_width=&#8221;none&#8221; column_border_style=&#8221;solid&#8221; bg_image_animation=&#8221;none&#8221;][vc_row_inner column_margin=&#8221;default&#8221; column_direction=&#8221;default&#8221; column_direction_tablet=&#8221;default&#8221; column_direction_phone=&#8221;default&#8221; bottom_padding=&#8221;30&#8243; text_align=&#8221;left&#8221;][vc_column_inner column_padding=&#8221;no-extra-padding&#8221; column_padding_tablet=&#8221;inherit&#8221; column_padding_phone=&#8221;inherit&#8221; column_padding_position=&#8221;all&#8221; background_color_opacity=&#8221;1&#8243; background_hover_color_opacity=&#8221;1&#8243; column_shadow=&#8221;none&#8221; column_border_radius=&#8221;none&#8221; column_link_target=&#8221;_self&#8221; gradient_direction=&#8221;left_to_right&#8221; overlay_strength=&#8221;0.3&#8243; width=&#8221;1\/2&#8243; tablet_width_inherit=&#8221;default&#8221; column_border_width=&#8221;none&#8221; column_border_style=&#8221;solid&#8221; bg_image_animation=&#8221;none&#8221;][nectar_video_lightbox link_style=&#8221;play_button_with_text&#8221; nectar_play_button_color=&#8221;Extra-Color-1&#8243; nectar_play_button_style=&#8221;default&#8221; font_style=&#8221;p&#8221; video_url=&#8221;https:\/\/youtu.be\/CadJvT0C4N8&#8243; link_text=&#8221;Voir la Vid\u00e9o&#8221;][nectar_highlighted_text color_type=&#8221;regular&#8221; highlight_color=&#8221;#cc0100&#8243; style=&#8221;regular_underline&#8221; underline_thickness=&#8221;default&#8221;]\n<h2>Piloting XXL ships <em>is our job<\/em><\/h2>\n[\/nectar_highlighted_text][\/vc_column_inner][vc_column_inner column_padding=&#8221;no-extra-padding&#8221; column_padding_tablet=&#8221;inherit&#8221; column_padding_phone=&#8221;inherit&#8221; column_padding_position=&#8221;all&#8221; background_color_opacity=&#8221;1&#8243; background_hover_color_opacity=&#8221;1&#8243; column_shadow=&#8221;none&#8221; column_border_radius=&#8221;none&#8221; column_link_target=&#8221;_self&#8221; gradient_direction=&#8221;left_to_right&#8221; overlay_strength=&#8221;0.3&#8243; width=&#8221;1\/2&#8243; tablet_width_inherit=&#8221;default&#8221; column_border_width=&#8221;none&#8221; column_border_style=&#8221;solid&#8221; bg_image_animation=&#8221;none&#8221;][divider line_type=&#8221;No Line&#8221; custom_height=&#8221;30&#8243;][\/vc_column_inner][\/vc_row_inner][\/vc_column][\/vc_row][vc_row type=&#8221;in_container&#8221; full_screen_row_position=&#8221;middle&#8221; column_margin=&#8221;default&#8221; column_direction=&#8221;default&#8221; column_direction_tablet=&#8221;default&#8221; column_direction_phone=&#8221;default&#8221; scene_position=&#8221;center&#8221; top_padding=&#8221;4%&#8221; bottom_padding=&#8221;2%&#8221; text_color=&#8221;dark&#8221; text_align=&#8221;left&#8221; row_border_radius=&#8221;none&#8221; row_border_radius_applies=&#8221;bg&#8221; overlay_strength=&#8221;0.3&#8243; gradient_direction=&#8221;left_to_right&#8221; shape_divider_position=&#8221;bottom&#8221; bg_image_animation=&#8221;none&#8221; shape_type=&#8221;&#8221;][vc_column column_padding=&#8221;no-extra-padding&#8221; column_padding_tablet=&#8221;inherit&#8221; column_padding_phone=&#8221;inherit&#8221; column_padding_position=&#8221;all&#8221; background_color_opacity=&#8221;1&#8243; background_hover_color_opacity=&#8221;1&#8243; column_shadow=&#8221;none&#8221; column_border_radius=&#8221;none&#8221; column_link_target=&#8221;_self&#8221; gradient_direction=&#8221;left_to_right&#8221; overlay_strength=&#8221;0.3&#8243; width=&#8221;1\/1&#8243; tablet_width_inherit=&#8221;default&#8221; tablet_text_alignment=&#8221;default&#8221; phone_text_alignment=&#8221;default&#8221; column_border_width=&#8221;none&#8221; column_border_style=&#8221;solid&#8221; bg_image_animation=&#8221;none&#8221;][vc_column_text]\n<p style=\"text-align: justify;\"><span class=\"nectar-dropcap\" >W <\/span>hen a pilot arrives to the bridge, the first words which should immediately appear in the ship logbook are \u201cunder captain\u2019s orders, on pilot\u2019s advices\u201d. They fix the <strong>close relationship<\/strong>\u00a0between the pilot and the ship\u2019s captain.<\/p>\n<p style=\"text-align: justify;\">The role of the pilot is\u00a0<strong>to assist the master by providing local expertise<\/strong>\u00a0and appropriate advice during the passage of the ship.<\/p>\n<p style=\"text-align: justify;\">In confined waters, the workload increases on the bridge; time and margins of error are reduced; the port activity and traffic are stepping up and the consequences of an incident or miscalculation could be really considerable. Specific knowledge in ship handling is absolutely required in a port.<\/p>\n<p style=\"text-align: justify;\">The International\u00a0<em>Convention<\/em>\u00a0on Standards of Training, Certification and Watch keeping for Seafarers STCW78 \/ 95, revised by the Manila Agreements in 2010, said that the presence of a pilot on bridge does not relieve the master of his duties and its obligations regarding the safety of the ship. In practice, it is the pilot who has the conduct of the vessel, after having exchanged information with the master on navigational procedures, local conditions and ship\u2019s particulars.<\/p>\n[\/vc_column_text][\/vc_column][\/vc_row][vc_row type=&#8221;in_container&#8221; full_screen_row_position=&#8221;middle&#8221; column_margin=&#8221;default&#8221; column_direction=&#8221;default&#8221; column_direction_tablet=&#8221;default&#8221; column_direction_phone=&#8221;default&#8221; scene_position=&#8221;center&#8221; text_color=&#8221;dark&#8221; text_align=&#8221;left&#8221; row_border_radius=&#8221;none&#8221; row_border_radius_applies=&#8221;bg&#8221; overlay_strength=&#8221;0.3&#8243; gradient_direction=&#8221;left_to_right&#8221; shape_divider_position=&#8221;bottom&#8221; bg_image_animation=&#8221;none&#8221; shape_type=&#8221;&#8221;][vc_column column_padding=&#8221;no-extra-padding&#8221; column_padding_tablet=&#8221;inherit&#8221; column_padding_phone=&#8221;inherit&#8221; column_padding_position=&#8221;all&#8221; background_color_opacity=&#8221;1&#8243; background_hover_color_opacity=&#8221;1&#8243; column_shadow=&#8221;none&#8221; column_border_radius=&#8221;none&#8221; column_link_target=&#8221;_self&#8221; gradient_direction=&#8221;left_to_right&#8221; overlay_strength=&#8221;0.3&#8243; width=&#8221;1\/2&#8243; tablet_width_inherit=&#8221;default&#8221; tablet_text_alignment=&#8221;default&#8221; phone_text_alignment=&#8221;default&#8221; column_border_width=&#8221;none&#8221; column_border_style=&#8221;solid&#8221; bg_image_animation=&#8221;none&#8221;][image_with_animation image_url=&#8221;5955&#8243; animation=&#8221;Fade In&#8221; hover_animation=&#8221;none&#8221; alignment=&#8221;&#8221; border_radius=&#8221;none&#8221; box_shadow=&#8221;none&#8221; image_loading=&#8221;default&#8221; max_width=&#8221;100%&#8221; max_width_mobile=&#8221;default&#8221; margin_bottom=&#8221;4%&#8221;][\/vc_column][vc_column column_padding=&#8221;no-extra-padding&#8221; column_padding_tablet=&#8221;inherit&#8221; column_padding_phone=&#8221;inherit&#8221; column_padding_position=&#8221;all&#8221; background_color_opacity=&#8221;1&#8243; background_hover_color_opacity=&#8221;1&#8243; column_shadow=&#8221;none&#8221; column_border_radius=&#8221;none&#8221; column_link_target=&#8221;_self&#8221; gradient_direction=&#8221;left_to_right&#8221; overlay_strength=&#8221;0.3&#8243; width=&#8221;1\/2&#8243; tablet_width_inherit=&#8221;default&#8221; tablet_text_alignment=&#8221;default&#8221; phone_text_alignment=&#8221;default&#8221; column_border_width=&#8221;none&#8221; column_border_style=&#8221;solid&#8221; bg_image_animation=&#8221;none&#8221;][vc_column_text]\n<blockquote>\n<h3 style=\"text-align: center;\">Approaching harbours, rivers, ports and basins, pilots offer local knowledge and experience necessary to ensure the safety of navigation and environmental protection.<\/h3>\n<\/blockquote>\n<p style=\"text-align: justify;\">They have an\u00a0<strong>overall expertise<\/strong>\u00a0on local rules, customs, and specific conditions existing in the port area. Pilots are aware of the activities, traffic, ferries, dredging operations, floating cranes, local movements, and also of all the other factors which may cause hazards to navigation. They are in charge of communication with port authorities, vessel traffic services, tugs and other vessels.<\/p>\n[\/vc_column_text][\/vc_column][\/vc_row][vc_row type=&#8221;in_container&#8221; full_screen_row_position=&#8221;middle&#8221; column_margin=&#8221;default&#8221; column_direction=&#8221;default&#8221; column_direction_tablet=&#8221;default&#8221; column_direction_phone=&#8221;default&#8221; scene_position=&#8221;center&#8221; bottom_padding=&#8221;6%&#8221; text_color=&#8221;dark&#8221; text_align=&#8221;left&#8221; row_border_radius=&#8221;none&#8221; row_border_radius_applies=&#8221;bg&#8221; overlay_strength=&#8221;0.3&#8243; gradient_direction=&#8221;left_to_right&#8221; shape_divider_position=&#8221;bottom&#8221; bg_image_animation=&#8221;none&#8221; shape_type=&#8221;&#8221;][vc_column column_padding=&#8221;no-extra-padding&#8221; column_padding_tablet=&#8221;inherit&#8221; column_padding_phone=&#8221;inherit&#8221; column_padding_position=&#8221;all&#8221; background_color_opacity=&#8221;1&#8243; background_hover_color_opacity=&#8221;1&#8243; column_shadow=&#8221;none&#8221; column_border_radius=&#8221;none&#8221; column_link_target=&#8221;_self&#8221; gradient_direction=&#8221;left_to_right&#8221; overlay_strength=&#8221;0.3&#8243; width=&#8221;1\/1&#8243; tablet_width_inherit=&#8221;default&#8221; tablet_text_alignment=&#8221;default&#8221; phone_text_alignment=&#8221;default&#8221; column_border_width=&#8221;none&#8221; column_border_style=&#8221;solid&#8221; bg_image_animation=&#8221;none&#8221;][vc_column_text]\n<p style=\"text-align: justify;\">Through daily practice, pilots develop specific skills and technique \u00a0for shiphandling in narrow waters and port restricted area. They work day and night, through dense fog or strong winds, thus avoiding delays or allowing to carry the maximum load capacity by using maximum available channel depths in the interest of the port and the ship, therefore improving the fluidity of the traffic, and the\u00a0<strong>economic competitivity of the port<\/strong>.<\/p>\n<p style=\"text-align: justify;\">Moreover, it is compulsory for the maritime pilots, who are the first main player to board the ship when \u201cunder way\u201d, to report any deficiencies regarding safety or environment to the Authorities.<\/p>\n<p style=\"text-align: justify;\">Safe and efficient marine pilotage requires that marine pilots operate in an\u00a0<strong>independant environment<\/strong>\u00a0which allows them to exercise their professional judgment with\u00a0an independent manner, without competition or arrangements with shipowners to carry on their\u00a0<strong>general interest mission<\/strong>.<\/p>\n[\/vc_column_text][\/vc_column][\/vc_row]\n","protected":false},"excerpt":{"rendered":"<p>[vc_row&#8230;<\/p>\n","protected":false},"author":2,"featured_media":0,"parent":0,"menu_order":2,"comment_status":"closed","ping_status":"closed","template":"","meta":{"footnotes":""},"class_list":["post-616","page","type-page","status-publish"],"yoast_head":"<!-- This site is optimized with the Yoast SEO plugin v26.9 - https:\/\/yoast.com\/product\/yoast-seo-wordpress\/ -->\n<title>Role of pilots - FFPM - F\u00e9d\u00e9ration Fran\u00e7aise des Pilotes Maritimes.<\/title>\n<meta name=\"robots\" content=\"index, follow, max-snippet:-1, max-image-preview:large, max-video-preview:-1\" \/>\n<link rel=\"canonical\" href=\"https:\/\/pilotes-maritimes.com\/en\/role-des-pilotes\/\" \/>\n<meta property=\"og:locale\" content=\"en_US\" \/>\n<meta property=\"og:type\" content=\"article\" \/>\n<meta property=\"og:title\" content=\"Role of pilots - FFPM - F\u00e9d\u00e9ration Fran\u00e7aise des Pilotes Maritimes.\" \/>\n<meta property=\"og:description\" content=\"[vc_row...\" \/>\n<meta property=\"og:url\" content=\"https:\/\/pilotes-maritimes.com\/en\/role-des-pilotes\/\" \/>\n<meta property=\"og:site_name\" content=\"FFPM - F\u00e9d\u00e9ration Fran\u00e7aise des Pilotes Maritimes.\" \/>\n<meta property=\"article:modified_time\" content=\"2020-11-07T15:16:30+00:00\" \/>\n<meta name=\"twitter:card\" content=\"summary_large_image\" \/>\n<meta name=\"twitter:label1\" content=\"Est. reading time\" \/>\n\t<meta name=\"twitter:data1\" content=\"6 minutes\" \/>\n<script type=\"application\/ld+json\" class=\"yoast-schema-graph\">{\"@context\":\"https:\/\/schema.org\",\"@graph\":[{\"@type\":\"WebPage\",\"@id\":\"https:\/\/pilotes-maritimes.com\/en\/role-des-pilotes\/\",\"url\":\"https:\/\/pilotes-maritimes.com\/en\/role-des-pilotes\/\",\"name\":\"Role of pilots - FFPM - F\u00e9d\u00e9ration Fran\u00e7aise des Pilotes Maritimes.\",\"isPartOf\":{\"@id\":\"https:\/\/pilotes-maritimes.com\/#website\"},\"datePublished\":\"2015-02-17T16:57:39+00:00\",\"dateModified\":\"2020-11-07T15:16:30+00:00\",\"breadcrumb\":{\"@id\":\"https:\/\/pilotes-maritimes.com\/en\/role-des-pilotes\/#breadcrumb\"},\"inLanguage\":\"en-US\",\"potentialAction\":[{\"@type\":\"ReadAction\",\"target\":[\"https:\/\/pilotes-maritimes.com\/en\/role-des-pilotes\/\"]}]},{\"@type\":\"BreadcrumbList\",\"@id\":\"https:\/\/pilotes-maritimes.com\/en\/role-des-pilotes\/#breadcrumb\",\"itemListElement\":[{\"@type\":\"ListItem\",\"position\":1,\"name\":\"Accueil\",\"item\":\"https:\/\/pilotes-maritimes.com\/en\/\"},{\"@type\":\"ListItem\",\"position\":2,\"name\":\"Role of pilots\"}]},{\"@type\":\"WebSite\",\"@id\":\"https:\/\/pilotes-maritimes.com\/#website\",\"url\":\"https:\/\/pilotes-maritimes.com\/\",\"name\":\"FFPM - F\u00e9d\u00e9ration Fran\u00e7aise des Pilotes Maritimes.\",\"description\":\"Pour une meilleure gestion du risque.  FFPM - F\u00e9d\u00e9ration Fran\u00e7aise des Pilotes Maritimes.\",\"publisher\":{\"@id\":\"https:\/\/pilotes-maritimes.com\/#organization\"},\"potentialAction\":[{\"@type\":\"SearchAction\",\"target\":{\"@type\":\"EntryPoint\",\"urlTemplate\":\"https:\/\/pilotes-maritimes.com\/?s={search_term_string}\"},\"query-input\":{\"@type\":\"PropertyValueSpecification\",\"valueRequired\":true,\"valueName\":\"search_term_string\"}}],\"inLanguage\":\"en-US\"},{\"@type\":\"Organization\",\"@id\":\"https:\/\/pilotes-maritimes.com\/#organization\",\"name\":\"F\u00e9d\u00e9ration Fran\u00e7aise des Pilotes Maritimes FFPM\",\"url\":\"https:\/\/pilotes-maritimes.com\/\",\"logo\":{\"@type\":\"ImageObject\",\"inLanguage\":\"en-US\",\"@id\":\"https:\/\/pilotes-maritimes.com\/#\/schema\/logo\/image\/\",\"url\":\"https:\/\/pilotes-maritimes.com\/wp-content\/uploads\/2020\/05\/logo-ffpm-dark.png\",\"contentUrl\":\"https:\/\/pilotes-maritimes.com\/wp-content\/uploads\/2020\/05\/logo-ffpm-dark.png\",\"width\":872,\"height\":364,\"caption\":\"F\u00e9d\u00e9ration Fran\u00e7aise des Pilotes Maritimes FFPM\"},\"image\":{\"@id\":\"https:\/\/pilotes-maritimes.com\/#\/schema\/logo\/image\/\"},\"sameAs\":[\"https:\/\/www.linkedin.com\/company\/78993380\/\"]}]}<\/script>\n<!-- \/ Yoast SEO plugin. -->","yoast_head_json":{"title":"Role of pilots - FFPM - F\u00e9d\u00e9ration Fran\u00e7aise des Pilotes Maritimes.","robots":{"index":"index","follow":"follow","max-snippet":"max-snippet:-1","max-image-preview":"max-image-preview:large","max-video-preview":"max-video-preview:-1"},"canonical":"https:\/\/pilotes-maritimes.com\/en\/role-des-pilotes\/","og_locale":"en_US","og_type":"article","og_title":"Role of pilots - FFPM - F\u00e9d\u00e9ration Fran\u00e7aise des Pilotes Maritimes.","og_description":"[vc_row...","og_url":"https:\/\/pilotes-maritimes.com\/en\/role-des-pilotes\/","og_site_name":"FFPM - F\u00e9d\u00e9ration Fran\u00e7aise des Pilotes Maritimes.","article_modified_time":"2020-11-07T15:16:30+00:00","twitter_card":"summary_large_image","twitter_misc":{"Est. reading time":"6 minutes"},"schema":{"@context":"https:\/\/schema.org","@graph":[{"@type":"WebPage","@id":"https:\/\/pilotes-maritimes.com\/en\/role-des-pilotes\/","url":"https:\/\/pilotes-maritimes.com\/en\/role-des-pilotes\/","name":"Role of pilots - FFPM - F\u00e9d\u00e9ration Fran\u00e7aise des Pilotes Maritimes.","isPartOf":{"@id":"https:\/\/pilotes-maritimes.com\/#website"},"datePublished":"2015-02-17T16:57:39+00:00","dateModified":"2020-11-07T15:16:30+00:00","breadcrumb":{"@id":"https:\/\/pilotes-maritimes.com\/en\/role-des-pilotes\/#breadcrumb"},"inLanguage":"en-US","potentialAction":[{"@type":"ReadAction","target":["https:\/\/pilotes-maritimes.com\/en\/role-des-pilotes\/"]}]},{"@type":"BreadcrumbList","@id":"https:\/\/pilotes-maritimes.com\/en\/role-des-pilotes\/#breadcrumb","itemListElement":[{"@type":"ListItem","position":1,"name":"Accueil","item":"https:\/\/pilotes-maritimes.com\/en\/"},{"@type":"ListItem","position":2,"name":"Role of pilots"}]},{"@type":"WebSite","@id":"https:\/\/pilotes-maritimes.com\/#website","url":"https:\/\/pilotes-maritimes.com\/","name":"FFPM - F\u00e9d\u00e9ration Fran\u00e7aise des Pilotes Maritimes.","description":"Pour une meilleure gestion du risque.  FFPM - F\u00e9d\u00e9ration Fran\u00e7aise des Pilotes Maritimes.","publisher":{"@id":"https:\/\/pilotes-maritimes.com\/#organization"},"potentialAction":[{"@type":"SearchAction","target":{"@type":"EntryPoint","urlTemplate":"https:\/\/pilotes-maritimes.com\/?s={search_term_string}"},"query-input":{"@type":"PropertyValueSpecification","valueRequired":true,"valueName":"search_term_string"}}],"inLanguage":"en-US"},{"@type":"Organization","@id":"https:\/\/pilotes-maritimes.com\/#organization","name":"F\u00e9d\u00e9ration Fran\u00e7aise des Pilotes Maritimes FFPM","url":"https:\/\/pilotes-maritimes.com\/","logo":{"@type":"ImageObject","inLanguage":"en-US","@id":"https:\/\/pilotes-maritimes.com\/#\/schema\/logo\/image\/","url":"https:\/\/pilotes-maritimes.com\/wp-content\/uploads\/2020\/05\/logo-ffpm-dark.png","contentUrl":"https:\/\/pilotes-maritimes.com\/wp-content\/uploads\/2020\/05\/logo-ffpm-dark.png","width":872,"height":364,"caption":"F\u00e9d\u00e9ration Fran\u00e7aise des Pilotes Maritimes FFPM"},"image":{"@id":"https:\/\/pilotes-maritimes.com\/#\/schema\/logo\/image\/"},"sameAs":["https:\/\/www.linkedin.com\/company\/78993380\/"]}]}},"_links":{"self":[{"href":"https:\/\/pilotes-maritimes.com\/en\/wp-json\/wp\/v2\/pages\/616","targetHints":{"allow":["GET"]}}],"collection":[{"href":"https:\/\/pilotes-maritimes.com\/en\/wp-json\/wp\/v2\/pages"}],"about":[{"href":"https:\/\/pilotes-maritimes.com\/en\/wp-json\/wp\/v2\/types\/page"}],"author":[{"embeddable":true,"href":"https:\/\/pilotes-maritimes.com\/en\/wp-json\/wp\/v2\/users\/2"}],"replies":[{"embeddable":true,"href":"https:\/\/pilotes-maritimes.com\/en\/wp-json\/wp\/v2\/comments?post=616"}],"version-history":[{"count":11,"href":"https:\/\/pilotes-maritimes.com\/en\/wp-json\/wp\/v2\/pages\/616\/revisions"}],"predecessor-version":[{"id":7429,"href":"https:\/\/pilotes-maritimes.com\/en\/wp-json\/wp\/v2\/pages\/616\/revisions\/7429"}],"wp:attachment":[{"href":"https:\/\/pilotes-maritimes.com\/en\/wp-json\/wp\/v2\/media?parent=616"}],"curies":[{"name":"wp","href":"https:\/\/api.w.org\/{rel}","templated":true}]}}