{"id":619,"date":"2015-02-17T17:01:18","date_gmt":"2015-02-17T17:01:18","guid":{"rendered":"http:\/\/2020.pilotes-maritimes.com\/?page_id=619"},"modified":"2020-11-07T15:22:39","modified_gmt":"2020-11-07T15:22:39","slug":"organization-of-pilots","status":"publish","type":"page","link":"https:\/\/pilotes-maritimes.com\/en\/organization-of-pilots\/","title":{"rendered":"Organization of pilots"},"content":{"rendered":"[vc_row type=&#8221;full_width_background&#8221; full_screen_row_position=&#8221;middle&#8221; column_margin=&#8221;default&#8221; equal_height=&#8221;yes&#8221; content_placement=&#8221;middle&#8221; column_direction=&#8221;default&#8221; column_direction_tablet=&#8221;default&#8221; column_direction_phone=&#8221;default&#8221; scene_position=&#8221;center&#8221; top_padding=&#8221;3%&#8221; text_color=&#8221;dark&#8221; text_align=&#8221;left&#8221; row_border_radius=&#8221;none&#8221; row_border_radius_applies=&#8221;bg&#8221; overlay_strength=&#8221;0.3&#8243; gradient_direction=&#8221;left_to_right&#8221; shape_divider_position=&#8221;bottom&#8221; bg_image_animation=&#8221;none&#8221; shape_type=&#8221;&#8221;][vc_column column_padding=&#8221;no-extra-padding&#8221; column_padding_tablet=&#8221;inherit&#8221; column_padding_phone=&#8221;inherit&#8221; column_padding_position=&#8221;all&#8221; background_color_opacity=&#8221;1&#8243; background_hover_color_opacity=&#8221;1&#8243; column_shadow=&#8221;none&#8221; column_border_radius=&#8221;none&#8221; column_link_target=&#8221;_self&#8221; gradient_direction=&#8221;left_to_right&#8221; overlay_strength=&#8221;0.3&#8243; width=&#8221;1\/2&#8243; tablet_width_inherit=&#8221;default&#8221; tablet_text_alignment=&#8221;default&#8221; phone_text_alignment=&#8221;default&#8221; column_border_width=&#8221;none&#8221; column_border_style=&#8221;solid&#8221; bg_image_animation=&#8221;none&#8221;][nectar_highlighted_text color_type=&#8221;regular&#8221; highlight_color=&#8221;#2850ff&#8221; style=&#8221;regular_underline&#8221; underline_thickness=&#8221;default&#8221;]\n<h2>In France, Pilotage is a public <em>service provided<\/em> by pilots.<\/h2>\n[\/nectar_highlighted_text][\/vc_column][vc_column column_padding=&#8221;no-extra-padding&#8221; column_padding_tablet=&#8221;inherit&#8221; column_padding_phone=&#8221;inherit&#8221; column_padding_position=&#8221;all&#8221; background_color_opacity=&#8221;1&#8243; background_hover_color_opacity=&#8221;1&#8243; column_shadow=&#8221;none&#8221; column_border_radius=&#8221;none&#8221; column_link_target=&#8221;_self&#8221; gradient_direction=&#8221;left_to_right&#8221; overlay_strength=&#8221;0.3&#8243; width=&#8221;1\/2&#8243; tablet_width_inherit=&#8221;default&#8221; tablet_text_alignment=&#8221;default&#8221; phone_text_alignment=&#8221;default&#8221; column_border_width=&#8221;none&#8221; column_border_style=&#8221;solid&#8221; bg_image_animation=&#8221;none&#8221;][image_with_animation image_url=&#8221;5993&#8243; animation=&#8221;Fade In&#8221; hover_animation=&#8221;none&#8221; alignment=&#8221;&#8221; border_radius=&#8221;none&#8221; box_shadow=&#8221;none&#8221; image_loading=&#8221;default&#8221; max_width=&#8221;100%&#8221; max_width_mobile=&#8221;default&#8221;][\/vc_column][\/vc_row][vc_row type=&#8221;in_container&#8221; full_screen_row_position=&#8221;middle&#8221; column_margin=&#8221;default&#8221; column_direction=&#8221;default&#8221; column_direction_tablet=&#8221;default&#8221; column_direction_phone=&#8221;default&#8221; scene_position=&#8221;center&#8221; top_padding=&#8221;3%&#8221; bottom_padding=&#8221;6%&#8221; text_color=&#8221;dark&#8221; text_align=&#8221;left&#8221; row_border_radius=&#8221;none&#8221; row_border_radius_applies=&#8221;bg&#8221; overlay_strength=&#8221;0.3&#8243; gradient_direction=&#8221;left_to_right&#8221; shape_divider_position=&#8221;bottom&#8221; bg_image_animation=&#8221;none&#8221; shape_type=&#8221;&#8221;][vc_column column_padding=&#8221;no-extra-padding&#8221; column_padding_tablet=&#8221;inherit&#8221; column_padding_phone=&#8221;inherit&#8221; column_padding_position=&#8221;all&#8221; background_color_opacity=&#8221;1&#8243; background_hover_color_opacity=&#8221;1&#8243; column_shadow=&#8221;none&#8221; column_border_radius=&#8221;none&#8221; column_link_target=&#8221;_self&#8221; gradient_direction=&#8221;left_to_right&#8221; overlay_strength=&#8221;0.3&#8243; width=&#8221;1\/1&#8243; tablet_width_inherit=&#8221;default&#8221; tablet_text_alignment=&#8221;default&#8221; phone_text_alignment=&#8221;default&#8221; column_border_width=&#8221;none&#8221; column_border_style=&#8221;solid&#8221; bg_image_animation=&#8221;none&#8221;][nectar_highlighted_text color_type=&#8221;regular&#8221; highlight_color=&#8221;#2850ff&#8221; style=&#8221;regular_underline&#8221; underline_thickness=&#8221;default&#8221;]\n<h2 style=\"text-align: center;\">In 2019, <em>101,000 pilotage operations<\/em> were performed.<\/h2>\n[\/nectar_highlighted_text][divider line_type=&#8221;No Line&#8221; custom_height=&#8221;50px&#8221;][vc_column_text]\n<p style=\"text-align: justify;\">The entire organization of the French pilotage consists in 31 pilot stations \u2013 23 in France and 5 in the French overseas departments, 3 in overseas territories and a cooperative of deep sea pilots \u2013 with a total of 334 pilots, 257 seamen, 14 flying staff, 108 administrative staff and 14 auxiliaries. 725 people in total. Apart from ashore equipment for pilot stations, pilots dispose of offices, computers, radars, cars and maintenance facilities -nautical equipment consists of one pilot boat, 101 fast pilot launches (with a minimum length of 12 meters), three helicopters, two single-motor planes and a workshop pontoon.<\/p>\n<p style=\"text-align: justify;\">Maritime pilotage is organized by the <a href=\"https:\/\/www.legifrance.gouv.fr\/affichCodeArticle.do?idArticle=LEGIARTI000023080430&amp;cidTexte=LEGITEXT000023086525&amp;dateTexte=20101201\" target=\"_blank\" rel=\"noopener noreferrer\">article L5341-1<\/a> and following of the <a href=\"https:\/\/www.legifrance.gouv.fr\/affichTexte.do?cidTexte=JORFTEXT000022990793\" target=\"_blank\" rel=\"noopener noreferrer\">Transport Code (Ordonance No. 2010-1307 of 28 October 2010)<\/a> and by <a href=\"http:\/\/www.code-transports.fr\/partie-reglementaire-s27232261\/cinquieme-partie-transport-navigation-maritimes-s29344454\/livre-iii-ports-maritimes-s29838538\/titre-iv-services-portuaires-s30031586\/chapitre-ier-pilotage-s30031588\/section-1-service-pilotage-remuneration-pilote-s30031590\/\" target=\"_blank\" rel=\"noopener noreferrer\">articles in R5341-1 D5341-87 Code of Transport (Decree No. 2014- 1670 of 30 December 2014)<\/a>. The operation of pilot stations is under the supervision of the\u00a0<strong>Transportation Department<\/strong>. After the decentralization of the administration, made in France in 1982, the Transport Minister authority on pilot stations was transferred to the Prefect of each region which supervises pilotage issues under the control of the \u201cFrench \u00a0Maritime Administration\u201d.<\/p>\n<p style=\"text-align: justify;\">While Minister of Transport is responsible for pilotage and especially the general rules applicable to all pilot stations, \u00a0Prefects of Region, must fix the specific local regulations to each pilot station in accordance with the general national regulations. Despite the diversity of pilotage conditions in each station, it shows a real unity in the organization of pilotage.<\/p>\n[\/vc_column_text][divider line_type=&#8221;No Line&#8221; custom_height=&#8221;20px&#8221;][vc_column_text]\n<h3 style=\"text-align: center;\">&#8220;The pilotage consists of assistance given to a master, by <strong>mariner adviser\u00a0<\/strong>appointed by the Transportation Department, for the shiphandling at the entrance and departure of ports, inside ports, harbours and maritime waters of estuaries, water inlets and canals as stated in article L5000-1&#8243;<\/h3>\n[\/vc_column_text][divider line_type=&#8221;No Line&#8221; custom_height=&#8221;20px&#8221;][vc_column_text]\n<p style=\"text-align: justify;\">Here is the definition of pilotage as it appears in Article L5341-1 of the \u201cCode des Transports\u201d. Behind the legal aspect and its consequences on the civil liability of pilots, this definition shows the concern of the state to ensure the safety of navigation.<\/p>\n<p style=\"text-align: justify;\">The right to perform pilotage is granted to a given pilot station and the law provides criminal penalties for anyone undertaking pilotage of a ship without a regular pilot authorization. Most maritime countries have areas designated as compulsory pilotage districts where ships are not allowed to navigate unless if having on board a licensed pilot belonging to a station. The reason of such a decision is based on the needs of\u00a0<strong>national public interest<\/strong>, keeping the\u00a0<strong>safety<\/strong>\u00a0level and\u00a0<strong>environment protection<\/strong>\u00a0at his maximum.<\/p>\n[\/vc_column_text][vc_row_inner equal_height=&#8221;yes&#8221; content_placement=&#8221;middle&#8221; column_margin=&#8221;default&#8221; column_direction=&#8221;default&#8221; column_direction_tablet=&#8221;default&#8221; column_direction_phone=&#8221;default&#8221; text_align=&#8221;left&#8221;][vc_column_inner column_padding=&#8221;no-extra-padding&#8221; column_padding_tablet=&#8221;inherit&#8221; column_padding_phone=&#8221;inherit&#8221; column_padding_position=&#8221;all&#8221; background_color_opacity=&#8221;1&#8243; background_hover_color_opacity=&#8221;1&#8243; column_shadow=&#8221;none&#8221; column_border_radius=&#8221;none&#8221; column_link_target=&#8221;_self&#8221; gradient_direction=&#8221;left_to_right&#8221; overlay_strength=&#8221;0.3&#8243; width=&#8221;1\/2&#8243; tablet_width_inherit=&#8221;default&#8221; column_border_width=&#8221;none&#8221; column_border_style=&#8221;solid&#8221; bg_image_animation=&#8221;none&#8221;][vc_column_text]\n<p style=\"text-align: justify;\">There are no penalties for a captain who refuses the assistance of a pilot. In fact, this provision of the law has no effect, because on one hand the port authorities do not granted access to ship without a pilot is on board, according to port navigational rules and, on the other hand, pilotage fees have to be paid as soon as the pilot can prove that he came to the ship in order to perform his duty. Pilotage rules apply only to compulsory pilotage.<\/p>\n[\/vc_column_text][\/vc_column_inner][vc_column_inner column_padding=&#8221;no-extra-padding&#8221; column_padding_tablet=&#8221;inherit&#8221; column_padding_phone=&#8221;inherit&#8221; column_padding_position=&#8221;all&#8221; background_color_opacity=&#8221;1&#8243; background_hover_color_opacity=&#8221;1&#8243; column_shadow=&#8221;none&#8221; column_border_radius=&#8221;none&#8221; column_link_target=&#8221;_self&#8221; gradient_direction=&#8221;left_to_right&#8221; overlay_strength=&#8221;0.3&#8243; width=&#8221;1\/2&#8243; tablet_width_inherit=&#8221;default&#8221; column_border_width=&#8221;none&#8221; column_border_style=&#8221;solid&#8221; bg_image_animation=&#8221;none&#8221;][image_with_animation image_url=&#8221;7178&#8243; animation=&#8221;Fade In&#8221; hover_animation=&#8221;none&#8221; alignment=&#8221;center&#8221; border_radius=&#8221;none&#8221; box_shadow=&#8221;none&#8221; image_loading=&#8221;default&#8221; max_width=&#8221;100%&#8221; max_width_mobile=&#8221;default&#8221;][\/vc_column_inner][\/vc_row_inner][\/vc_column][\/vc_row]\n","protected":false},"excerpt":{"rendered":"<p>[vc_row&#8230;<\/p>\n","protected":false},"author":2,"featured_media":0,"parent":0,"menu_order":3,"comment_status":"closed","ping_status":"closed","template":"","meta":{"footnotes":""},"class_list":["post-619","page","type-page","status-publish"],"yoast_head":"<!-- This site is optimized with the Yoast SEO plugin v26.9 - https:\/\/yoast.com\/product\/yoast-seo-wordpress\/ -->\n<title>Organization of pilots - FFPM - F\u00e9d\u00e9ration Fran\u00e7aise des Pilotes Maritimes.<\/title>\n<meta name=\"robots\" content=\"index, follow, max-snippet:-1, max-image-preview:large, max-video-preview:-1\" \/>\n<link rel=\"canonical\" href=\"https:\/\/pilotes-maritimes.com\/en\/organization-of-pilots\/\" \/>\n<meta property=\"og:locale\" content=\"en_US\" \/>\n<meta property=\"og:type\" content=\"article\" \/>\n<meta property=\"og:title\" content=\"Organization of pilots - FFPM - F\u00e9d\u00e9ration Fran\u00e7aise des Pilotes Maritimes.\" \/>\n<meta property=\"og:description\" content=\"[vc_row...\" \/>\n<meta property=\"og:url\" content=\"https:\/\/pilotes-maritimes.com\/en\/organization-of-pilots\/\" \/>\n<meta property=\"og:site_name\" content=\"FFPM - F\u00e9d\u00e9ration Fran\u00e7aise des Pilotes Maritimes.\" \/>\n<meta property=\"article:modified_time\" content=\"2020-11-07T15:22:39+00:00\" \/>\n<meta name=\"twitter:card\" content=\"summary_large_image\" \/>\n<meta name=\"twitter:label1\" content=\"Est. reading time\" \/>\n\t<meta name=\"twitter:data1\" content=\"6 minutes\" \/>\n<script type=\"application\/ld+json\" class=\"yoast-schema-graph\">{\"@context\":\"https:\/\/schema.org\",\"@graph\":[{\"@type\":\"WebPage\",\"@id\":\"https:\/\/pilotes-maritimes.com\/en\/organization-of-pilots\/\",\"url\":\"https:\/\/pilotes-maritimes.com\/en\/organization-of-pilots\/\",\"name\":\"Organization of pilots - FFPM - F\u00e9d\u00e9ration Fran\u00e7aise des Pilotes Maritimes.\",\"isPartOf\":{\"@id\":\"https:\/\/pilotes-maritimes.com\/#website\"},\"datePublished\":\"2015-02-17T17:01:18+00:00\",\"dateModified\":\"2020-11-07T15:22:39+00:00\",\"breadcrumb\":{\"@id\":\"https:\/\/pilotes-maritimes.com\/en\/organization-of-pilots\/#breadcrumb\"},\"inLanguage\":\"en-US\",\"potentialAction\":[{\"@type\":\"ReadAction\",\"target\":[\"https:\/\/pilotes-maritimes.com\/en\/organization-of-pilots\/\"]}]},{\"@type\":\"BreadcrumbList\",\"@id\":\"https:\/\/pilotes-maritimes.com\/en\/organization-of-pilots\/#breadcrumb\",\"itemListElement\":[{\"@type\":\"ListItem\",\"position\":1,\"name\":\"Accueil\",\"item\":\"https:\/\/pilotes-maritimes.com\/en\/\"},{\"@type\":\"ListItem\",\"position\":2,\"name\":\"Organization of pilots\"}]},{\"@type\":\"WebSite\",\"@id\":\"https:\/\/pilotes-maritimes.com\/#website\",\"url\":\"https:\/\/pilotes-maritimes.com\/\",\"name\":\"FFPM - F\u00e9d\u00e9ration Fran\u00e7aise des Pilotes Maritimes.\",\"description\":\"Pour une meilleure gestion du risque.  FFPM - F\u00e9d\u00e9ration Fran\u00e7aise des Pilotes Maritimes.\",\"publisher\":{\"@id\":\"https:\/\/pilotes-maritimes.com\/#organization\"},\"potentialAction\":[{\"@type\":\"SearchAction\",\"target\":{\"@type\":\"EntryPoint\",\"urlTemplate\":\"https:\/\/pilotes-maritimes.com\/?s={search_term_string}\"},\"query-input\":{\"@type\":\"PropertyValueSpecification\",\"valueRequired\":true,\"valueName\":\"search_term_string\"}}],\"inLanguage\":\"en-US\"},{\"@type\":\"Organization\",\"@id\":\"https:\/\/pilotes-maritimes.com\/#organization\",\"name\":\"F\u00e9d\u00e9ration Fran\u00e7aise des Pilotes Maritimes FFPM\",\"url\":\"https:\/\/pilotes-maritimes.com\/\",\"logo\":{\"@type\":\"ImageObject\",\"inLanguage\":\"en-US\",\"@id\":\"https:\/\/pilotes-maritimes.com\/#\/schema\/logo\/image\/\",\"url\":\"https:\/\/pilotes-maritimes.com\/wp-content\/uploads\/2020\/05\/logo-ffpm-dark.png\",\"contentUrl\":\"https:\/\/pilotes-maritimes.com\/wp-content\/uploads\/2020\/05\/logo-ffpm-dark.png\",\"width\":872,\"height\":364,\"caption\":\"F\u00e9d\u00e9ration Fran\u00e7aise des Pilotes Maritimes FFPM\"},\"image\":{\"@id\":\"https:\/\/pilotes-maritimes.com\/#\/schema\/logo\/image\/\"},\"sameAs\":[\"https:\/\/www.linkedin.com\/company\/78993380\/\"]}]}<\/script>\n<!-- \/ Yoast SEO plugin. -->","yoast_head_json":{"title":"Organization of pilots - FFPM - F\u00e9d\u00e9ration Fran\u00e7aise des Pilotes Maritimes.","robots":{"index":"index","follow":"follow","max-snippet":"max-snippet:-1","max-image-preview":"max-image-preview:large","max-video-preview":"max-video-preview:-1"},"canonical":"https:\/\/pilotes-maritimes.com\/en\/organization-of-pilots\/","og_locale":"en_US","og_type":"article","og_title":"Organization of pilots - FFPM - F\u00e9d\u00e9ration Fran\u00e7aise des Pilotes Maritimes.","og_description":"[vc_row...","og_url":"https:\/\/pilotes-maritimes.com\/en\/organization-of-pilots\/","og_site_name":"FFPM - F\u00e9d\u00e9ration Fran\u00e7aise des Pilotes Maritimes.","article_modified_time":"2020-11-07T15:22:39+00:00","twitter_card":"summary_large_image","twitter_misc":{"Est. reading time":"6 minutes"},"schema":{"@context":"https:\/\/schema.org","@graph":[{"@type":"WebPage","@id":"https:\/\/pilotes-maritimes.com\/en\/organization-of-pilots\/","url":"https:\/\/pilotes-maritimes.com\/en\/organization-of-pilots\/","name":"Organization of pilots - FFPM - F\u00e9d\u00e9ration Fran\u00e7aise des Pilotes Maritimes.","isPartOf":{"@id":"https:\/\/pilotes-maritimes.com\/#website"},"datePublished":"2015-02-17T17:01:18+00:00","dateModified":"2020-11-07T15:22:39+00:00","breadcrumb":{"@id":"https:\/\/pilotes-maritimes.com\/en\/organization-of-pilots\/#breadcrumb"},"inLanguage":"en-US","potentialAction":[{"@type":"ReadAction","target":["https:\/\/pilotes-maritimes.com\/en\/organization-of-pilots\/"]}]},{"@type":"BreadcrumbList","@id":"https:\/\/pilotes-maritimes.com\/en\/organization-of-pilots\/#breadcrumb","itemListElement":[{"@type":"ListItem","position":1,"name":"Accueil","item":"https:\/\/pilotes-maritimes.com\/en\/"},{"@type":"ListItem","position":2,"name":"Organization of pilots"}]},{"@type":"WebSite","@id":"https:\/\/pilotes-maritimes.com\/#website","url":"https:\/\/pilotes-maritimes.com\/","name":"FFPM - F\u00e9d\u00e9ration Fran\u00e7aise des Pilotes Maritimes.","description":"Pour une meilleure gestion du risque.  FFPM - F\u00e9d\u00e9ration Fran\u00e7aise des Pilotes Maritimes.","publisher":{"@id":"https:\/\/pilotes-maritimes.com\/#organization"},"potentialAction":[{"@type":"SearchAction","target":{"@type":"EntryPoint","urlTemplate":"https:\/\/pilotes-maritimes.com\/?s={search_term_string}"},"query-input":{"@type":"PropertyValueSpecification","valueRequired":true,"valueName":"search_term_string"}}],"inLanguage":"en-US"},{"@type":"Organization","@id":"https:\/\/pilotes-maritimes.com\/#organization","name":"F\u00e9d\u00e9ration Fran\u00e7aise des Pilotes Maritimes FFPM","url":"https:\/\/pilotes-maritimes.com\/","logo":{"@type":"ImageObject","inLanguage":"en-US","@id":"https:\/\/pilotes-maritimes.com\/#\/schema\/logo\/image\/","url":"https:\/\/pilotes-maritimes.com\/wp-content\/uploads\/2020\/05\/logo-ffpm-dark.png","contentUrl":"https:\/\/pilotes-maritimes.com\/wp-content\/uploads\/2020\/05\/logo-ffpm-dark.png","width":872,"height":364,"caption":"F\u00e9d\u00e9ration Fran\u00e7aise des Pilotes Maritimes FFPM"},"image":{"@id":"https:\/\/pilotes-maritimes.com\/#\/schema\/logo\/image\/"},"sameAs":["https:\/\/www.linkedin.com\/company\/78993380\/"]}]}},"_links":{"self":[{"href":"https:\/\/pilotes-maritimes.com\/en\/wp-json\/wp\/v2\/pages\/619","targetHints":{"allow":["GET"]}}],"collection":[{"href":"https:\/\/pilotes-maritimes.com\/en\/wp-json\/wp\/v2\/pages"}],"about":[{"href":"https:\/\/pilotes-maritimes.com\/en\/wp-json\/wp\/v2\/types\/page"}],"author":[{"embeddable":true,"href":"https:\/\/pilotes-maritimes.com\/en\/wp-json\/wp\/v2\/users\/2"}],"replies":[{"embeddable":true,"href":"https:\/\/pilotes-maritimes.com\/en\/wp-json\/wp\/v2\/comments?post=619"}],"version-history":[{"count":11,"href":"https:\/\/pilotes-maritimes.com\/en\/wp-json\/wp\/v2\/pages\/619\/revisions"}],"predecessor-version":[{"id":7432,"href":"https:\/\/pilotes-maritimes.com\/en\/wp-json\/wp\/v2\/pages\/619\/revisions\/7432"}],"wp:attachment":[{"href":"https:\/\/pilotes-maritimes.com\/en\/wp-json\/wp\/v2\/media?parent=619"}],"curies":[{"name":"wp","href":"https:\/\/api.w.org\/{rel}","templated":true}]}}