{"id":628,"date":"2015-02-19T11:24:49","date_gmt":"2015-02-19T11:24:49","guid":{"rendered":"http:\/\/2020.pilotes-maritimes.com\/recruitment\/comment-devient-on-pilote\/"},"modified":"2020-08-22T11:56:13","modified_gmt":"2020-08-22T11:56:13","slug":"how-does-one-become-a-pilot","status":"publish","type":"page","link":"https:\/\/pilotes-maritimes.com\/en\/recruitment\/how-does-one-become-a-pilot\/","title":{"rendered":"How does one become a pilot?"},"content":{"rendered":"[vc_row type=&#8221;full_width_background&#8221; full_screen_row_position=&#8221;middle&#8221; column_margin=&#8221;default&#8221; column_direction=&#8221;default&#8221; column_direction_tablet=&#8221;default&#8221; column_direction_phone=&#8221;default&#8221; bg_color=&#8221;#ffffff&#8221; scene_position=&#8221;center&#8221; top_padding=&#8221;2%&#8221; bottom_padding=&#8221;4%&#8221; text_color=&#8221;dark&#8221; text_align=&#8221;left&#8221; row_border_radius=&#8221;none&#8221; row_border_radius_applies=&#8221;bg&#8221; overlay_strength=&#8221;1&#8243; gradient_direction=&#8221;left_to_right&#8221; shape_divider_position=&#8221;bottom&#8221; bg_image_animation=&#8221;none&#8221; shape_type=&#8221;&#8221;][vc_column column_padding=&#8221;no-extra-padding&#8221; column_padding_tablet=&#8221;inherit&#8221; column_padding_phone=&#8221;inherit&#8221; column_padding_position=&#8221;all&#8221; background_color_opacity=&#8221;1&#8243; background_hover_color_opacity=&#8221;1&#8243; column_shadow=&#8221;none&#8221; column_border_radius=&#8221;none&#8221; column_link_target=&#8221;_self&#8221; gradient_direction=&#8221;left_to_right&#8221; overlay_strength=&#8221;0.3&#8243; width=&#8221;1\/1&#8243; tablet_width_inherit=&#8221;default&#8221; tablet_text_alignment=&#8221;default&#8221; phone_text_alignment=&#8221;default&#8221; column_border_width=&#8221;none&#8221; column_border_style=&#8221;solid&#8221; bg_image_animation=&#8221;none&#8221;][vc_row_inner column_margin=&#8221;default&#8221; column_direction=&#8221;default&#8221; column_direction_tablet=&#8221;default&#8221; column_direction_phone=&#8221;default&#8221; top_padding=&#8221;3%&#8221; text_align=&#8221;left&#8221;][vc_column_inner column_padding=&#8221;padding-1-percent&#8221; column_padding_tablet=&#8221;inherit&#8221; column_padding_phone=&#8221;inherit&#8221; column_padding_position=&#8221;top&#8221; centered_text=&#8221;true&#8221; background_color_opacity=&#8221;1&#8243; background_hover_color_opacity=&#8221;1&#8243; column_shadow=&#8221;none&#8221; column_border_radius=&#8221;none&#8221; column_link_target=&#8221;_self&#8221; gradient_direction=&#8221;left_to_right&#8221; overlay_strength=&#8221;0.3&#8243; width=&#8221;1\/3&#8243; tablet_width_inherit=&#8221;default&#8221; column_border_width=&#8221;none&#8221; column_border_style=&#8221;solid&#8221; bg_image_animation=&#8221;none&#8221; enable_animation=&#8221;true&#8221; animation=&#8221;fade-in-from-bottom&#8221;][nectar_icon icon_family=&#8221;iconsmind&#8221; icon_style=&#8221;soft-bg&#8221; icon_color_type=&#8221;color_scheme&#8221; icon_color=&#8221;Accent-Color&#8221; icon_padding=&#8221;10px&#8221; icon_iconsmind=&#8221;iconsmind-Anchor&#8221; icon_size=&#8221;60&#8243; margin_bottom=&#8221;30&#8243;][vc_column_text css=&#8221;.vc_custom_1598096502422{padding-right: 10% !important;}&#8221;]\n<h4>Merchant Navy Officers<\/h4>\n<p style=\"text-align: justify;\">Possessing a certificate of Command of the highest level and having sailed at least 72 months in the merchant navy or on government vessels.<\/p>\n[\/vc_column_text][\/vc_column_inner][vc_column_inner column_padding=&#8221;padding-1-percent&#8221; column_padding_tablet=&#8221;inherit&#8221; column_padding_phone=&#8221;inherit&#8221; column_padding_position=&#8221;top&#8221; centered_text=&#8221;true&#8221; background_color_opacity=&#8221;1&#8243; background_hover_color_opacity=&#8221;1&#8243; column_shadow=&#8221;none&#8221; column_border_radius=&#8221;none&#8221; column_link_target=&#8221;_self&#8221; gradient_direction=&#8221;left_to_right&#8221; overlay_strength=&#8221;0.3&#8243; width=&#8221;1\/3&#8243; tablet_width_inherit=&#8221;default&#8221; column_border_width=&#8221;none&#8221; column_border_style=&#8221;solid&#8221; bg_image_animation=&#8221;none&#8221; enable_animation=&#8221;true&#8221; animation=&#8221;fade-in-from-bottom&#8221; delay=&#8221;100&#8243;][nectar_icon icon_family=&#8221;iconsmind&#8221; icon_style=&#8221;soft-bg&#8221; icon_color_type=&#8221;color_scheme&#8221; icon_color=&#8221;Accent-Color&#8221; icon_padding=&#8221;10px&#8221; icon_iconsmind=&#8221;iconsmind-Ship&#8221; icon_size=&#8221;60&#8243; margin_bottom=&#8221;30&#8243;][vc_column_text css=&#8221;.vc_custom_1598096522670{padding-right: 10% !important;}&#8221;]\n<h4>Age limit<\/h4>\n<p style=\"text-align: justify;\">Candidates for pilot positions must be at least 24 and no more than 35 years of age.<\/p>\n[\/vc_column_text][\/vc_column_inner][vc_column_inner column_padding=&#8221;padding-1-percent&#8221; column_padding_tablet=&#8221;inherit&#8221; column_padding_phone=&#8221;inherit&#8221; column_padding_position=&#8221;top&#8221; centered_text=&#8221;true&#8221; background_color_opacity=&#8221;1&#8243; background_hover_color_opacity=&#8221;1&#8243; column_shadow=&#8221;none&#8221; column_border_radius=&#8221;none&#8221; column_link_target=&#8221;_self&#8221; gradient_direction=&#8221;left_to_right&#8221; overlay_strength=&#8221;0.3&#8243; width=&#8221;1\/3&#8243; tablet_width_inherit=&#8221;default&#8221; column_border_width=&#8221;none&#8221; column_border_style=&#8221;solid&#8221; bg_image_animation=&#8221;none&#8221; enable_animation=&#8221;true&#8221; animation=&#8221;fade-in-from-bottom&#8221; delay=&#8221;200&#8243;][nectar_icon icon_family=&#8221;iconsmind&#8221; icon_style=&#8221;soft-bg&#8221; icon_color_type=&#8221;color_scheme&#8221; icon_color=&#8221;Accent-Color&#8221; icon_padding=&#8221;10px&#8221; icon_iconsmind=&#8221;iconsmind-Testimonal&#8221; icon_size=&#8221;60&#8243; margin_bottom=&#8221;30&#8243;][vc_column_text css=&#8221;.vc_custom_1598096596810{padding-right: 10% !important;}&#8221;]\n<h4>Public competition<\/h4>\n<p style=\"text-align: justify;\">A public competition is organized by the local Maritime Affairs Administration, its publication is posted at least two months before the chosen date.<\/p>\n[\/vc_column_text][\/vc_column_inner][\/vc_row_inner][\/vc_column][\/vc_row][vc_row type=&#8221;in_container&#8221; full_screen_row_position=&#8221;middle&#8221; column_margin=&#8221;default&#8221; column_direction=&#8221;default&#8221; column_direction_tablet=&#8221;default&#8221; column_direction_phone=&#8221;default&#8221; scene_position=&#8221;center&#8221; text_color=&#8221;dark&#8221; text_align=&#8221;left&#8221; row_border_radius=&#8221;none&#8221; row_border_radius_applies=&#8221;bg&#8221; overlay_strength=&#8221;0.3&#8243; gradient_direction=&#8221;left_to_right&#8221; shape_divider_position=&#8221;bottom&#8221; bg_image_animation=&#8221;none&#8221;][vc_column column_padding=&#8221;no-extra-padding&#8221; column_padding_tablet=&#8221;inherit&#8221; column_padding_phone=&#8221;inherit&#8221; column_padding_position=&#8221;all&#8221; background_color_opacity=&#8221;1&#8243; background_hover_color_opacity=&#8221;1&#8243; column_shadow=&#8221;none&#8221; column_border_radius=&#8221;none&#8221; column_link_target=&#8221;_self&#8221; gradient_direction=&#8221;left_to_right&#8221; overlay_strength=&#8221;0.3&#8243; width=&#8221;1\/1&#8243; tablet_width_inherit=&#8221;default&#8221; tablet_text_alignment=&#8221;default&#8221; phone_text_alignment=&#8221;default&#8221; column_border_width=&#8221;none&#8221; column_border_style=&#8221;solid&#8221; bg_image_animation=&#8221;none&#8221;][image_with_animation image_url=&#8221;6433&#8243; animation=&#8221;Fade In&#8221; hover_animation=&#8221;none&#8221; alignment=&#8221;&#8221; border_radius=&#8221;none&#8221; box_shadow=&#8221;none&#8221; image_loading=&#8221;lazy-load&#8221; max_width=&#8221;100%&#8221; max_width_mobile=&#8221;default&#8221;][\/vc_column][\/vc_row][vc_row type=&#8221;in_container&#8221; full_screen_row_position=&#8221;middle&#8221; column_margin=&#8221;default&#8221; column_direction=&#8221;default&#8221; column_direction_tablet=&#8221;default&#8221; column_direction_phone=&#8221;default&#8221; scene_position=&#8221;center&#8221; top_padding=&#8221;2%&#8221; text_color=&#8221;dark&#8221; text_align=&#8221;left&#8221; row_border_radius=&#8221;none&#8221; row_border_radius_applies=&#8221;bg&#8221; overlay_strength=&#8221;0.3&#8243; gradient_direction=&#8221;left_to_right&#8221; shape_divider_position=&#8221;bottom&#8221; bg_image_animation=&#8221;none&#8221; shape_type=&#8221;&#8221;][vc_column column_padding=&#8221;no-extra-padding&#8221; column_padding_tablet=&#8221;inherit&#8221; column_padding_phone=&#8221;inherit&#8221; column_padding_position=&#8221;all&#8221; background_color_opacity=&#8221;1&#8243; background_hover_color_opacity=&#8221;1&#8243; column_shadow=&#8221;none&#8221; column_border_radius=&#8221;none&#8221; column_link_target=&#8221;_self&#8221; gradient_direction=&#8221;left_to_right&#8221; overlay_strength=&#8221;0.3&#8243; width=&#8221;1\/1&#8243; tablet_width_inherit=&#8221;default&#8221; tablet_text_alignment=&#8221;default&#8221; phone_text_alignment=&#8221;default&#8221; column_border_width=&#8221;none&#8221; column_border_style=&#8221;solid&#8221; bg_image_animation=&#8221;none&#8221;][vc_row_inner column_margin=&#8221;default&#8221; column_direction=&#8221;default&#8221; column_direction_tablet=&#8221;default&#8221; column_direction_phone=&#8221;default&#8221; text_align=&#8221;left&#8221;][vc_column_inner column_padding=&#8221;no-extra-padding&#8221; column_padding_tablet=&#8221;inherit&#8221; column_padding_phone=&#8221;inherit&#8221; column_padding_position=&#8221;all&#8221; background_color_opacity=&#8221;1&#8243; background_hover_color_opacity=&#8221;1&#8243; column_shadow=&#8221;none&#8221; column_border_radius=&#8221;none&#8221; column_link_target=&#8221;_self&#8221; gradient_direction=&#8221;left_to_right&#8221; overlay_strength=&#8221;0.3&#8243; width=&#8221;1\/2&#8243; tablet_width_inherit=&#8221;default&#8221; column_border_width=&#8221;none&#8221; column_border_style=&#8221;solid&#8221; bg_image_animation=&#8221;none&#8221;][vc_column_text]Pilots are recruited from among Merchant Navy officers holding a Command certificate of the highest level and having sailed for at least 72 months in the Merchant Navy or on government vessels, including 48 months in the navigation service and watches over armed vessels in long-distance, coastal, deep-sea or offshore fishing.<\/p>\n<p>Candidates for the position of pilot must be at least 24 years of age and no more than 35 years of age. They must meet the general physical fitness requirements for masters of the merchant navy (decree of 16 April 1986), but also meet the more demanding sensory standards set by the <a href=\"https:\/\/www.legifrance.gouv.fr\/affichTexte.do?cidTexte=JORFTEXT000036564845&amp;categorieLien=id\" target=\"_blank\" rel=\"noopener noreferrer\">decree of 23 January 2018<\/a> on the conditions of physical fitness for the functions of pilot and master pilot.<\/p>\n<p>Each pilotage station organizes, with the authorization of the Maritime Affairs Administration, the termination or recruitment of its pilots. The number of pilots in a station is directly related to the traffic, and therefore to the number of ships piloted in the station.<\/p>\n<p>The geographical areas of competence in which pilots are qualified to pilot and on which candidates are questioned, as well as the licences required and, where appropriate, special navigation conditions are detailed by the prefectoral decree setting the local regulations of the pilot station. Exceptionally, and after the opinion of a local commission, derogations to the age conditions may be granted.[\/vc_column_text][\/vc_column_inner][vc_column_inner column_padding=&#8221;no-extra-padding&#8221; column_padding_tablet=&#8221;inherit&#8221; column_padding_phone=&#8221;inherit&#8221; column_padding_position=&#8221;all&#8221; background_color_opacity=&#8221;1&#8243; background_hover_color_opacity=&#8221;1&#8243; column_shadow=&#8221;none&#8221; column_border_radius=&#8221;none&#8221; column_link_target=&#8221;_self&#8221; gradient_direction=&#8221;left_to_right&#8221; overlay_strength=&#8221;0.3&#8243; width=&#8221;1\/2&#8243; tablet_width_inherit=&#8221;default&#8221; column_border_width=&#8221;none&#8221; column_border_style=&#8221;solid&#8221; bg_image_animation=&#8221;none&#8221;][vc_column_text]When the need for recruitment arises in a station, an open competition is organised by the local Maritime Affairs Administration, its publication is posted at least two months before the chosen date.<\/p>\n<p>The examination board is chaired by a naval officer and also includes a captain who frequents the pilotage area, a marine inspector and two pilots from the station (general case). The terms and conditions for the organisation and programme of pilotage competitions are set by order of <a href=\"http:\/\/2020.pilotes-maritimes.com\/comment-devient-on-pilote\/arrete-du-26-septembre-1990\/\" target=\"_blank\" rel=\"noopener noreferrer\">26 September 1990<\/a>, amended by order of <a href=\"https:\/\/www.legifrance.gouv.fr\/eli\/arrete\/2012\/11\/23\/TRAT1240331A\/jo\" target=\"_blank\" rel=\"noopener noreferrer\">23 November 2012<\/a> on the organisation and programme of pilotage competitions.<\/p>\n<p>When the new pilot takes up his service, he must complete a practical training of several months by accompanying other pilots on board any type of ship, day and night in his area of competence. This training represents approximately 500 pilotage operations. After this training time, the new pilot gradually begins to pilot larger and larger vessels. It takes about five years to train a pilot capable of piloting all types of ships.<\/p>\n<p>During these five years, training can be enhanced by using ship models at the Port Revel centre, or by using electronic manoeuvring simulators.[\/vc_column_text][\/vc_column_inner][\/vc_row_inner][\/vc_column][\/vc_row][vc_row type=&#8221;in_container&#8221; full_screen_row_position=&#8221;middle&#8221; column_margin=&#8221;default&#8221; column_direction=&#8221;default&#8221; column_direction_tablet=&#8221;default&#8221; column_direction_phone=&#8221;default&#8221; scene_position=&#8221;center&#8221; top_padding=&#8221;2%&#8221; bottom_padding=&#8221;6%&#8221; text_color=&#8221;dark&#8221; text_align=&#8221;left&#8221; row_border_radius=&#8221;none&#8221; row_border_radius_applies=&#8221;bg&#8221; overlay_strength=&#8221;0.3&#8243; gradient_direction=&#8221;left_to_right&#8221; shape_divider_position=&#8221;bottom&#8221; bg_image_animation=&#8221;none&#8221; shape_type=&#8221;&#8221;][vc_column column_padding=&#8221;no-extra-padding&#8221; column_padding_tablet=&#8221;inherit&#8221; column_padding_phone=&#8221;inherit&#8221; column_padding_position=&#8221;all&#8221; background_color_opacity=&#8221;1&#8243; background_hover_color_opacity=&#8221;1&#8243; column_shadow=&#8221;none&#8221; column_border_radius=&#8221;none&#8221; column_link_target=&#8221;_self&#8221; gradient_direction=&#8221;left_to_right&#8221; overlay_strength=&#8221;0.3&#8243; width=&#8221;1\/1&#8243; tablet_width_inherit=&#8221;default&#8221; tablet_text_alignment=&#8221;default&#8221; phone_text_alignment=&#8221;default&#8221; column_border_width=&#8221;none&#8221; column_border_style=&#8221;solid&#8221; bg_image_animation=&#8221;none&#8221;][vc_column_text]\n<h2>Recruitment forecasts<\/h2>\n[\/vc_column_text][nectar_post_grid post_type=&#8221;post&#8221; blog_category=&#8221;recruitment-forecasts&#8221; order=&#8221;DESC&#8221; orderby=&#8221;date&#8221; pagination=&#8221;load-more&#8221; button_color=&#8221;black&#8221; columns=&#8221;4&#8243; grid_item_spacing=&#8221;25px&#8221; grid_item_height=&#8221;30vh&#8221; image_size=&#8221;large&#8221; image_loading=&#8221;default&#8221; animation=&#8221;none&#8221; heading_tag=&#8221;default&#8221; display_excerpt=&#8221;yes&#8221; grid_style=&#8221;content_under_image&#8221; content_under_image_text_align=&#8221;left&#8221; text_color=&#8221;dark&#8221; hover_effect=&#8221;zoom&#8221; border_radius=&#8221;5px&#8221; posts_per_page=&#8221;6&#8243; custom_font_size=&#8221;2vh&#8221;][\/vc_column][\/vc_row]\n","protected":false},"excerpt":{"rendered":"<p>[vc_row&#8230;<\/p>\n","protected":false},"author":2,"featured_media":0,"parent":625,"menu_order":0,"comment_status":"closed","ping_status":"closed","template":"","meta":{"footnotes":""},"class_list":["post-628","page","type-page","status-publish"],"yoast_head":"<!-- This site is optimized with the Yoast SEO plugin v26.9 - https:\/\/yoast.com\/product\/yoast-seo-wordpress\/ -->\n<title>How does one become a pilot? - FFPM - F\u00e9d\u00e9ration Fran\u00e7aise des Pilotes Maritimes.<\/title>\n<meta name=\"robots\" content=\"index, follow, max-snippet:-1, max-image-preview:large, max-video-preview:-1\" \/>\n<link rel=\"canonical\" href=\"https:\/\/pilotes-maritimes.com\/en\/recruitment\/how-does-one-become-a-pilot\/\" \/>\n<meta property=\"og:locale\" content=\"en_US\" \/>\n<meta property=\"og:type\" content=\"article\" \/>\n<meta property=\"og:title\" content=\"How does one become a pilot? - FFPM - F\u00e9d\u00e9ration Fran\u00e7aise des Pilotes Maritimes.\" \/>\n<meta property=\"og:description\" content=\"[vc_row...\" \/>\n<meta property=\"og:url\" content=\"https:\/\/pilotes-maritimes.com\/en\/recruitment\/how-does-one-become-a-pilot\/\" \/>\n<meta property=\"og:site_name\" content=\"FFPM - F\u00e9d\u00e9ration Fran\u00e7aise des Pilotes Maritimes.\" \/>\n<meta property=\"article:modified_time\" content=\"2020-08-22T11:56:13+00:00\" \/>\n<meta name=\"twitter:card\" content=\"summary_large_image\" \/>\n<meta name=\"twitter:label1\" content=\"Est. reading time\" \/>\n\t<meta name=\"twitter:data1\" content=\"8 minutes\" \/>\n<script type=\"application\/ld+json\" class=\"yoast-schema-graph\">{\"@context\":\"https:\/\/schema.org\",\"@graph\":[{\"@type\":\"WebPage\",\"@id\":\"https:\/\/pilotes-maritimes.com\/en\/recruitment\/how-does-one-become-a-pilot\/\",\"url\":\"https:\/\/pilotes-maritimes.com\/en\/recruitment\/how-does-one-become-a-pilot\/\",\"name\":\"How does one become a pilot? - FFPM - F\u00e9d\u00e9ration Fran\u00e7aise des Pilotes Maritimes.\",\"isPartOf\":{\"@id\":\"https:\/\/pilotes-maritimes.com\/#website\"},\"datePublished\":\"2015-02-19T11:24:49+00:00\",\"dateModified\":\"2020-08-22T11:56:13+00:00\",\"breadcrumb\":{\"@id\":\"https:\/\/pilotes-maritimes.com\/en\/recruitment\/how-does-one-become-a-pilot\/#breadcrumb\"},\"inLanguage\":\"en-US\",\"potentialAction\":[{\"@type\":\"ReadAction\",\"target\":[\"https:\/\/pilotes-maritimes.com\/en\/recruitment\/how-does-one-become-a-pilot\/\"]}]},{\"@type\":\"BreadcrumbList\",\"@id\":\"https:\/\/pilotes-maritimes.com\/en\/recruitment\/how-does-one-become-a-pilot\/#breadcrumb\",\"itemListElement\":[{\"@type\":\"ListItem\",\"position\":1,\"name\":\"Accueil\",\"item\":\"https:\/\/pilotes-maritimes.com\/en\/\"},{\"@type\":\"ListItem\",\"position\":2,\"name\":\"Recruitment\",\"item\":\"https:\/\/pilotes-maritimes.com\/en\/recruitment\/\"},{\"@type\":\"ListItem\",\"position\":3,\"name\":\"How does one become a pilot?\"}]},{\"@type\":\"WebSite\",\"@id\":\"https:\/\/pilotes-maritimes.com\/#website\",\"url\":\"https:\/\/pilotes-maritimes.com\/\",\"name\":\"FFPM - F\u00e9d\u00e9ration Fran\u00e7aise des Pilotes Maritimes.\",\"description\":\"Pour une meilleure gestion du risque.  FFPM - F\u00e9d\u00e9ration Fran\u00e7aise des Pilotes Maritimes.\",\"publisher\":{\"@id\":\"https:\/\/pilotes-maritimes.com\/#organization\"},\"potentialAction\":[{\"@type\":\"SearchAction\",\"target\":{\"@type\":\"EntryPoint\",\"urlTemplate\":\"https:\/\/pilotes-maritimes.com\/?s={search_term_string}\"},\"query-input\":{\"@type\":\"PropertyValueSpecification\",\"valueRequired\":true,\"valueName\":\"search_term_string\"}}],\"inLanguage\":\"en-US\"},{\"@type\":\"Organization\",\"@id\":\"https:\/\/pilotes-maritimes.com\/#organization\",\"name\":\"F\u00e9d\u00e9ration Fran\u00e7aise des Pilotes Maritimes FFPM\",\"url\":\"https:\/\/pilotes-maritimes.com\/\",\"logo\":{\"@type\":\"ImageObject\",\"inLanguage\":\"en-US\",\"@id\":\"https:\/\/pilotes-maritimes.com\/#\/schema\/logo\/image\/\",\"url\":\"https:\/\/pilotes-maritimes.com\/wp-content\/uploads\/2020\/05\/logo-ffpm-dark.png\",\"contentUrl\":\"https:\/\/pilotes-maritimes.com\/wp-content\/uploads\/2020\/05\/logo-ffpm-dark.png\",\"width\":872,\"height\":364,\"caption\":\"F\u00e9d\u00e9ration Fran\u00e7aise des Pilotes Maritimes FFPM\"},\"image\":{\"@id\":\"https:\/\/pilotes-maritimes.com\/#\/schema\/logo\/image\/\"},\"sameAs\":[\"https:\/\/www.linkedin.com\/company\/78993380\/\"]}]}<\/script>\n<!-- \/ Yoast SEO plugin. -->","yoast_head_json":{"title":"How does one become a pilot? - FFPM - F\u00e9d\u00e9ration Fran\u00e7aise des Pilotes Maritimes.","robots":{"index":"index","follow":"follow","max-snippet":"max-snippet:-1","max-image-preview":"max-image-preview:large","max-video-preview":"max-video-preview:-1"},"canonical":"https:\/\/pilotes-maritimes.com\/en\/recruitment\/how-does-one-become-a-pilot\/","og_locale":"en_US","og_type":"article","og_title":"How does one become a pilot? - FFPM - F\u00e9d\u00e9ration Fran\u00e7aise des Pilotes Maritimes.","og_description":"[vc_row...","og_url":"https:\/\/pilotes-maritimes.com\/en\/recruitment\/how-does-one-become-a-pilot\/","og_site_name":"FFPM - F\u00e9d\u00e9ration Fran\u00e7aise des Pilotes Maritimes.","article_modified_time":"2020-08-22T11:56:13+00:00","twitter_card":"summary_large_image","twitter_misc":{"Est. reading time":"8 minutes"},"schema":{"@context":"https:\/\/schema.org","@graph":[{"@type":"WebPage","@id":"https:\/\/pilotes-maritimes.com\/en\/recruitment\/how-does-one-become-a-pilot\/","url":"https:\/\/pilotes-maritimes.com\/en\/recruitment\/how-does-one-become-a-pilot\/","name":"How does one become a pilot? - FFPM - F\u00e9d\u00e9ration Fran\u00e7aise des Pilotes Maritimes.","isPartOf":{"@id":"https:\/\/pilotes-maritimes.com\/#website"},"datePublished":"2015-02-19T11:24:49+00:00","dateModified":"2020-08-22T11:56:13+00:00","breadcrumb":{"@id":"https:\/\/pilotes-maritimes.com\/en\/recruitment\/how-does-one-become-a-pilot\/#breadcrumb"},"inLanguage":"en-US","potentialAction":[{"@type":"ReadAction","target":["https:\/\/pilotes-maritimes.com\/en\/recruitment\/how-does-one-become-a-pilot\/"]}]},{"@type":"BreadcrumbList","@id":"https:\/\/pilotes-maritimes.com\/en\/recruitment\/how-does-one-become-a-pilot\/#breadcrumb","itemListElement":[{"@type":"ListItem","position":1,"name":"Accueil","item":"https:\/\/pilotes-maritimes.com\/en\/"},{"@type":"ListItem","position":2,"name":"Recruitment","item":"https:\/\/pilotes-maritimes.com\/en\/recruitment\/"},{"@type":"ListItem","position":3,"name":"How does one become a pilot?"}]},{"@type":"WebSite","@id":"https:\/\/pilotes-maritimes.com\/#website","url":"https:\/\/pilotes-maritimes.com\/","name":"FFPM - F\u00e9d\u00e9ration Fran\u00e7aise des Pilotes Maritimes.","description":"Pour une meilleure gestion du risque.  FFPM - F\u00e9d\u00e9ration Fran\u00e7aise des Pilotes Maritimes.","publisher":{"@id":"https:\/\/pilotes-maritimes.com\/#organization"},"potentialAction":[{"@type":"SearchAction","target":{"@type":"EntryPoint","urlTemplate":"https:\/\/pilotes-maritimes.com\/?s={search_term_string}"},"query-input":{"@type":"PropertyValueSpecification","valueRequired":true,"valueName":"search_term_string"}}],"inLanguage":"en-US"},{"@type":"Organization","@id":"https:\/\/pilotes-maritimes.com\/#organization","name":"F\u00e9d\u00e9ration Fran\u00e7aise des Pilotes Maritimes FFPM","url":"https:\/\/pilotes-maritimes.com\/","logo":{"@type":"ImageObject","inLanguage":"en-US","@id":"https:\/\/pilotes-maritimes.com\/#\/schema\/logo\/image\/","url":"https:\/\/pilotes-maritimes.com\/wp-content\/uploads\/2020\/05\/logo-ffpm-dark.png","contentUrl":"https:\/\/pilotes-maritimes.com\/wp-content\/uploads\/2020\/05\/logo-ffpm-dark.png","width":872,"height":364,"caption":"F\u00e9d\u00e9ration Fran\u00e7aise des Pilotes Maritimes FFPM"},"image":{"@id":"https:\/\/pilotes-maritimes.com\/#\/schema\/logo\/image\/"},"sameAs":["https:\/\/www.linkedin.com\/company\/78993380\/"]}]}},"_links":{"self":[{"href":"https:\/\/pilotes-maritimes.com\/en\/wp-json\/wp\/v2\/pages\/628","targetHints":{"allow":["GET"]}}],"collection":[{"href":"https:\/\/pilotes-maritimes.com\/en\/wp-json\/wp\/v2\/pages"}],"about":[{"href":"https:\/\/pilotes-maritimes.com\/en\/wp-json\/wp\/v2\/types\/page"}],"author":[{"embeddable":true,"href":"https:\/\/pilotes-maritimes.com\/en\/wp-json\/wp\/v2\/users\/2"}],"replies":[{"embeddable":true,"href":"https:\/\/pilotes-maritimes.com\/en\/wp-json\/wp\/v2\/comments?post=628"}],"version-history":[{"count":11,"href":"https:\/\/pilotes-maritimes.com\/en\/wp-json\/wp\/v2\/pages\/628\/revisions"}],"predecessor-version":[{"id":6744,"href":"https:\/\/pilotes-maritimes.com\/en\/wp-json\/wp\/v2\/pages\/628\/revisions\/6744"}],"up":[{"embeddable":true,"href":"https:\/\/pilotes-maritimes.com\/en\/wp-json\/wp\/v2\/pages\/625"}],"wp:attachment":[{"href":"https:\/\/pilotes-maritimes.com\/en\/wp-json\/wp\/v2\/media?parent=628"}],"curies":[{"name":"wp","href":"https:\/\/api.w.org\/{rel}","templated":true}]}}