{"id":652,"date":"2015-05-26T09:41:39","date_gmt":"2015-05-26T09:41:39","guid":{"rendered":"http:\/\/2020.pilotes-maritimes.com\/?page_id=652"},"modified":"2020-08-21T17:33:16","modified_gmt":"2020-08-21T17:33:16","slug":"terms","status":"publish","type":"page","link":"https:\/\/pilotes-maritimes.com\/en\/contact-us\/terms\/","title":{"rendered":"Terms"},"content":{"rendered":"<p>Toute utilisation du pr\u00e9sent Site doit respecter les pr\u00e9sentes conditions d\u2019utilisation.<\/p>\n<h3>Le Site<\/h3>\n<p>Le Site fournit des informations sur la\u00a0F\u00e9d\u00e9ration Fran\u00e7aise des Syndicats Professionnels de Pilotes Maritimes. Il est \u00e9dit\u00e9 par la F\u00e9d\u00e9ration Fran\u00e7aise des Syndicats Professionnels de Pilotes Maritimes\u00a0dont le si\u00e8ge social est :<\/p>\n<ul>\n<li>F\u00e9d\u00e9ration Fran\u00e7aises des Pilotes Maritimes (FFPM) 74 rue du Rocher 75008 PARIS &#8211; France T\u00e9l\u00e9phone : (33) 01.45.22.35.23 Fax : (33) 01.45.22.19.71<\/li>\n<\/ul>\n<p>Site r\u00e9alis\u00e9 par :<\/p>\n<ul>\n<li>Gonzalo CACERES Studio de Cr\u00e9ation Web : <a title=\"Gonzalo Caceres Studio de Cr\u00e9ation France\" href=\"http:\/\/www.gonzalocaceres.com\/\" target=\"_blank\" rel=\"noopener noreferrer\">www.gonzalocaceres.com<\/a><\/li>\n<\/ul>\n<p>Le Site est h\u00e9berg\u00e9 par :<\/p>\n<ul>\n<li>1&amp;1 Internet SARL 7, place de la Gare BP 70109 57201 Sarreguemines Cedex\u00a0France<\/li>\n<\/ul>\n<h3>Droits prot\u00e9g\u00e9s<\/h3>\n<p>Les \u00e9l\u00e9ments constituant le pr\u00e9sent Site, d\u00e9velopp\u00e9s par la FFPM sont prot\u00e9g\u00e9s par la l\u00e9gislation applicable en mati\u00e8re de droit d\u2019auteur. \u2028Le Contenu comprend, notamment l\u2019ensemble des informations et \u00e9l\u00e9ments disponibles sur le site Internet, tels que notamment les textes, articles, photographies, illustrations, images et logos.\u2028 Le contenu est la propri\u00e9t\u00e9 de laFFPM. \u2028Toute reproduction, repr\u00e9sentation, diffusion et\/ou exploitation de tout ou partie du Contenu, par quelque moyen, sous quelque forme et \u00e0 quelque fin que ce soit, est interdite, sauf autorisation expresse pr\u00e9alable et \u00e9crite de la FFPM.\u2028 Toute personne ne respectant pas les dispositions l\u00e9gales applicables se rend coupable du d\u00e9lit de contrefa\u00e7on et est passible des sanctions p\u00e9nales pr\u00e9vues par la loi.<\/p>\n<h3>Responsabilit\u00e9<\/h3>\n<p>LaF\u00e9d\u00e9ration Fran\u00e7aises des Pilotes Maritimes (FFPM)\u00a0exclue toute garantie quelle qu\u2019elle soit quant au contenu, et notamment toute garantie de qualit\u00e9, d\u2019ad\u00e9quation \u00e0 un usage particulier, de propri\u00e9t\u00e9.\u2028 Par ailleurs, le site est susceptible de contenir des inexactitudes ou des erreurs typographiques. \u2028Des changements et mises \u00e0 jours sont r\u00e9guli\u00e8rement effectu\u00e9s sur le pr\u00e9sent site. A cet \u00e9gard, la FFPM\u00a0se r\u00e9serve le droit d\u2019apporter toute modification, rectification ou changement, \u00e0 tout moment. \u2028Les liens figurant sur le pr\u00e9sent Site vous font quitter le Site. Ces liens sont fournis pour votre seule commodit\u00e9, et n\u2019impliquent aucune approbation ou visa des dits sites par la FFPM. Les sites cibles ne sont pas sous le contr\u00f4le de la FFPM\u00a0et n\u2019est nullement responsable du contenu de ces sites, des liens qu\u2019ils contiennent, des produits ou services qu\u2019ils proposent, ou des changements ou mises \u00e0 jour qui leur sont apport\u00e9s. Les marques, noms de produits ou services, noms de domaine et les d\u00e9nominations de soci\u00e9t\u00e9s mentionn\u00e9s sur le pr\u00e9sent Site restent la propri\u00e9t\u00e9 de leurs titulaires respectifs.<\/p>\n<h3>COOKIES<\/h3>\n<p>Nous vous informons que des cookies peuvent \u00eatre pr\u00e9sents sur le site.<\/p>\n","protected":false},"excerpt":{"rendered":"<p>Toute&#8230;<\/p>\n","protected":false},"author":2,"featured_media":0,"parent":6814,"menu_order":3,"comment_status":"closed","ping_status":"closed","template":"","meta":{"footnotes":""},"class_list":["post-652","page","type-page","status-publish"],"yoast_head":"<!-- This site is optimized with the Yoast SEO plugin v26.9 - https:\/\/yoast.com\/product\/yoast-seo-wordpress\/ -->\n<title>Terms - FFPM - F\u00e9d\u00e9ration Fran\u00e7aise des Pilotes Maritimes.<\/title>\n<meta name=\"robots\" content=\"index, follow, max-snippet:-1, max-image-preview:large, max-video-preview:-1\" \/>\n<link rel=\"canonical\" href=\"https:\/\/pilotes-maritimes.com\/en\/contact-us\/terms\/\" \/>\n<meta property=\"og:locale\" content=\"en_US\" \/>\n<meta property=\"og:type\" content=\"article\" \/>\n<meta property=\"og:title\" content=\"Terms - FFPM - F\u00e9d\u00e9ration Fran\u00e7aise des Pilotes Maritimes.\" \/>\n<meta property=\"og:description\" content=\"Toute...\" \/>\n<meta property=\"og:url\" content=\"https:\/\/pilotes-maritimes.com\/en\/contact-us\/terms\/\" \/>\n<meta property=\"og:site_name\" content=\"FFPM - F\u00e9d\u00e9ration Fran\u00e7aise des Pilotes Maritimes.\" \/>\n<meta property=\"article:modified_time\" content=\"2020-08-21T17:33:16+00:00\" \/>\n<meta name=\"twitter:card\" content=\"summary_large_image\" \/>\n<meta name=\"twitter:label1\" content=\"Est. reading time\" \/>\n\t<meta name=\"twitter:data1\" content=\"2 minutes\" \/>\n<script type=\"application\/ld+json\" class=\"yoast-schema-graph\">{\"@context\":\"https:\/\/schema.org\",\"@graph\":[{\"@type\":\"WebPage\",\"@id\":\"https:\/\/pilotes-maritimes.com\/en\/contact-us\/terms\/\",\"url\":\"https:\/\/pilotes-maritimes.com\/en\/contact-us\/terms\/\",\"name\":\"Terms - FFPM - F\u00e9d\u00e9ration Fran\u00e7aise des Pilotes Maritimes.\",\"isPartOf\":{\"@id\":\"https:\/\/pilotes-maritimes.com\/#website\"},\"datePublished\":\"2015-05-26T09:41:39+00:00\",\"dateModified\":\"2020-08-21T17:33:16+00:00\",\"breadcrumb\":{\"@id\":\"https:\/\/pilotes-maritimes.com\/en\/contact-us\/terms\/#breadcrumb\"},\"inLanguage\":\"en-US\",\"potentialAction\":[{\"@type\":\"ReadAction\",\"target\":[\"https:\/\/pilotes-maritimes.com\/en\/contact-us\/terms\/\"]}]},{\"@type\":\"BreadcrumbList\",\"@id\":\"https:\/\/pilotes-maritimes.com\/en\/contact-us\/terms\/#breadcrumb\",\"itemListElement\":[{\"@type\":\"ListItem\",\"position\":1,\"name\":\"Accueil\",\"item\":\"https:\/\/pilotes-maritimes.com\/en\/\"},{\"@type\":\"ListItem\",\"position\":2,\"name\":\"Contact us\",\"item\":\"https:\/\/pilotes-maritimes.com\/en\/contact-us\/\"},{\"@type\":\"ListItem\",\"position\":3,\"name\":\"Terms\"}]},{\"@type\":\"WebSite\",\"@id\":\"https:\/\/pilotes-maritimes.com\/#website\",\"url\":\"https:\/\/pilotes-maritimes.com\/\",\"name\":\"FFPM - F\u00e9d\u00e9ration Fran\u00e7aise des Pilotes Maritimes.\",\"description\":\"Pour une meilleure gestion du risque.  FFPM - F\u00e9d\u00e9ration Fran\u00e7aise des Pilotes Maritimes.\",\"publisher\":{\"@id\":\"https:\/\/pilotes-maritimes.com\/#organization\"},\"potentialAction\":[{\"@type\":\"SearchAction\",\"target\":{\"@type\":\"EntryPoint\",\"urlTemplate\":\"https:\/\/pilotes-maritimes.com\/?s={search_term_string}\"},\"query-input\":{\"@type\":\"PropertyValueSpecification\",\"valueRequired\":true,\"valueName\":\"search_term_string\"}}],\"inLanguage\":\"en-US\"},{\"@type\":\"Organization\",\"@id\":\"https:\/\/pilotes-maritimes.com\/#organization\",\"name\":\"F\u00e9d\u00e9ration Fran\u00e7aise des Pilotes Maritimes FFPM\",\"url\":\"https:\/\/pilotes-maritimes.com\/\",\"logo\":{\"@type\":\"ImageObject\",\"inLanguage\":\"en-US\",\"@id\":\"https:\/\/pilotes-maritimes.com\/#\/schema\/logo\/image\/\",\"url\":\"https:\/\/pilotes-maritimes.com\/wp-content\/uploads\/2020\/05\/logo-ffpm-dark.png\",\"contentUrl\":\"https:\/\/pilotes-maritimes.com\/wp-content\/uploads\/2020\/05\/logo-ffpm-dark.png\",\"width\":872,\"height\":364,\"caption\":\"F\u00e9d\u00e9ration Fran\u00e7aise des Pilotes Maritimes FFPM\"},\"image\":{\"@id\":\"https:\/\/pilotes-maritimes.com\/#\/schema\/logo\/image\/\"},\"sameAs\":[\"https:\/\/www.linkedin.com\/company\/78993380\/\"]}]}<\/script>\n<!-- \/ Yoast SEO plugin. -->","yoast_head_json":{"title":"Terms - FFPM - F\u00e9d\u00e9ration Fran\u00e7aise des Pilotes Maritimes.","robots":{"index":"index","follow":"follow","max-snippet":"max-snippet:-1","max-image-preview":"max-image-preview:large","max-video-preview":"max-video-preview:-1"},"canonical":"https:\/\/pilotes-maritimes.com\/en\/contact-us\/terms\/","og_locale":"en_US","og_type":"article","og_title":"Terms - FFPM - F\u00e9d\u00e9ration Fran\u00e7aise des Pilotes Maritimes.","og_description":"Toute...","og_url":"https:\/\/pilotes-maritimes.com\/en\/contact-us\/terms\/","og_site_name":"FFPM - F\u00e9d\u00e9ration Fran\u00e7aise des Pilotes Maritimes.","article_modified_time":"2020-08-21T17:33:16+00:00","twitter_card":"summary_large_image","twitter_misc":{"Est. reading time":"2 minutes"},"schema":{"@context":"https:\/\/schema.org","@graph":[{"@type":"WebPage","@id":"https:\/\/pilotes-maritimes.com\/en\/contact-us\/terms\/","url":"https:\/\/pilotes-maritimes.com\/en\/contact-us\/terms\/","name":"Terms - FFPM - F\u00e9d\u00e9ration Fran\u00e7aise des Pilotes Maritimes.","isPartOf":{"@id":"https:\/\/pilotes-maritimes.com\/#website"},"datePublished":"2015-05-26T09:41:39+00:00","dateModified":"2020-08-21T17:33:16+00:00","breadcrumb":{"@id":"https:\/\/pilotes-maritimes.com\/en\/contact-us\/terms\/#breadcrumb"},"inLanguage":"en-US","potentialAction":[{"@type":"ReadAction","target":["https:\/\/pilotes-maritimes.com\/en\/contact-us\/terms\/"]}]},{"@type":"BreadcrumbList","@id":"https:\/\/pilotes-maritimes.com\/en\/contact-us\/terms\/#breadcrumb","itemListElement":[{"@type":"ListItem","position":1,"name":"Accueil","item":"https:\/\/pilotes-maritimes.com\/en\/"},{"@type":"ListItem","position":2,"name":"Contact us","item":"https:\/\/pilotes-maritimes.com\/en\/contact-us\/"},{"@type":"ListItem","position":3,"name":"Terms"}]},{"@type":"WebSite","@id":"https:\/\/pilotes-maritimes.com\/#website","url":"https:\/\/pilotes-maritimes.com\/","name":"FFPM - F\u00e9d\u00e9ration Fran\u00e7aise des Pilotes Maritimes.","description":"Pour une meilleure gestion du risque.  FFPM - F\u00e9d\u00e9ration Fran\u00e7aise des Pilotes Maritimes.","publisher":{"@id":"https:\/\/pilotes-maritimes.com\/#organization"},"potentialAction":[{"@type":"SearchAction","target":{"@type":"EntryPoint","urlTemplate":"https:\/\/pilotes-maritimes.com\/?s={search_term_string}"},"query-input":{"@type":"PropertyValueSpecification","valueRequired":true,"valueName":"search_term_string"}}],"inLanguage":"en-US"},{"@type":"Organization","@id":"https:\/\/pilotes-maritimes.com\/#organization","name":"F\u00e9d\u00e9ration Fran\u00e7aise des Pilotes Maritimes FFPM","url":"https:\/\/pilotes-maritimes.com\/","logo":{"@type":"ImageObject","inLanguage":"en-US","@id":"https:\/\/pilotes-maritimes.com\/#\/schema\/logo\/image\/","url":"https:\/\/pilotes-maritimes.com\/wp-content\/uploads\/2020\/05\/logo-ffpm-dark.png","contentUrl":"https:\/\/pilotes-maritimes.com\/wp-content\/uploads\/2020\/05\/logo-ffpm-dark.png","width":872,"height":364,"caption":"F\u00e9d\u00e9ration Fran\u00e7aise des Pilotes Maritimes FFPM"},"image":{"@id":"https:\/\/pilotes-maritimes.com\/#\/schema\/logo\/image\/"},"sameAs":["https:\/\/www.linkedin.com\/company\/78993380\/"]}]}},"_links":{"self":[{"href":"https:\/\/pilotes-maritimes.com\/en\/wp-json\/wp\/v2\/pages\/652","targetHints":{"allow":["GET"]}}],"collection":[{"href":"https:\/\/pilotes-maritimes.com\/en\/wp-json\/wp\/v2\/pages"}],"about":[{"href":"https:\/\/pilotes-maritimes.com\/en\/wp-json\/wp\/v2\/types\/page"}],"author":[{"embeddable":true,"href":"https:\/\/pilotes-maritimes.com\/en\/wp-json\/wp\/v2\/users\/2"}],"replies":[{"embeddable":true,"href":"https:\/\/pilotes-maritimes.com\/en\/wp-json\/wp\/v2\/comments?post=652"}],"version-history":[{"count":3,"href":"https:\/\/pilotes-maritimes.com\/en\/wp-json\/wp\/v2\/pages\/652\/revisions"}],"predecessor-version":[{"id":6677,"href":"https:\/\/pilotes-maritimes.com\/en\/wp-json\/wp\/v2\/pages\/652\/revisions\/6677"}],"up":[{"embeddable":true,"href":"https:\/\/pilotes-maritimes.com\/en\/wp-json\/wp\/v2\/pages\/6814"}],"wp:attachment":[{"href":"https:\/\/pilotes-maritimes.com\/en\/wp-json\/wp\/v2\/media?parent=652"}],"curies":[{"name":"wp","href":"https:\/\/api.w.org\/{rel}","templated":true}]}}